{"id":127,"date":"2012-06-12T17:22:52","date_gmt":"2012-06-12T15:22:52","guid":{"rendered":"http:\/\/www.thomas-konwiarz.de\/v1\/?page_id=127"},"modified":"2025-03-06T22:37:29","modified_gmt":"2025-03-06T21:37:29","slug":"uber-mich-ausfuhrlich","status":"publish","type":"page","link":"http:\/\/www.thomas-konwiarz.de\/v1\/uber-mich\/uber-mich-ausfuhrlich\/","title":{"rendered":"\u00fcber mich &#8211; ausf\u00fchrlich"},"content":{"rendered":"\n<p>So kam es: Das <strong><em>Formgeben<\/em><\/strong> <\/p>\n\n\n\n<p>Als mittf\u00fcnfziger Jahrgang in Hamburg geboren, setzte ich Anfang der 70er Jahre die kindliche Handhabung mit dem Schnitzmesser als Boots- und Holzschiffbauer um. Nat\u00fcrlich schwimmt Holz \u2013 aber wie w\u00e4re es, wenn es elegant und schnell das Meer durchpfl\u00fcgen kann? Bis 1984 brachte ich meine F\u00e4higkeiten in Hamburg sowohl am Wasser ein wie auch f\u00fcr die B\u00fchnentechnik am Deutschen Schauspielhaus. Und dann ging ich ins Teufelsmoor bei Worpswede. Hier gab ich dem Holz ganz bodenst\u00e4ndig seine Form: im Laden- und Innenausbau gestaltete ich gem\u00fctliche R\u00e4ume und passende Mobiliare. Zeitgleich entstanden die ersten Objekte, kleine N\u00fctzlichkeiten mit handschmeichlerischen Qualit\u00e4ten, aufs Liebevollste gerundet und gegl\u00e4ttet. Damit sammelte ich meine ersten Erfolge auf Messen wie \u201eTendence\u201c und \u201eAmbiente\u201c in Frankfurt. \u00a0 <\/p>\n\n\n\n<p>So ist es: Das <strong><em>Formwerden<\/em><\/strong> <\/p>\n\n\n\n<p>Um den Zeitpunkt des Jahrtausendwechsels herum wandelt sich mein k\u00fcnstlerischer Anspruch. Parallel zu den Objekten entstehen Skulpturen: Das Ergebnis meiner Jahrzehnte langen Arbeit mit Holz ist die Vertiefung eines intuitiven Dialoges mit diesem nat\u00fcrlichen Material, das Strukturen in sich birgt und eine Ausstrahlung hat, die auf mich wirkt. <\/p>\n\n\n\n<p>Besinnlichkeit geht meiner Arbeit voran, eine Kontaktaufnahme mit sensitiven H\u00e4nden, die den Lebenslauf des Baumes nachf\u00fchlen, \u00c4ste ertasten und Risse, den Fra\u00dfg\u00e4ngen von Insekten folgen und dem Maserungslauf \u2026 Dieses Sich-aufeinander-Einlassen f\u00fchrt in ein Zwiegespr\u00e4ch mit meditativem Charakter: der Kopf schweigt, das Herz, die Seele, der Geist sprechen, die H\u00e4nde folgen. <\/p>\n\n\n\n<p>Die Skulptur erw\u00e4chst durch die st\u00e4ndige Ver\u00e4nderung der Konturen und Fl\u00e4chen, das behutsame Wechselspiel zwischen menschlicher Energie und dem Wesen des Holzes. Rarit\u00e4ten wie z.B. die Mooreiche, deren Alter auf 3.000 bis 8.000 Jahre gesch\u00e4tzt wird, geben ein gutes Beispiel daf\u00fcr. <\/p>\n\n\n\n<p>Die sich bildenden, ineinanderflie\u00dfenden Rundungen bestimmen die Form und geben ihr meinen pers\u00f6nlichen Ausdruck. Und w\u00e4hrend die Figur durch den unwiederbringlichen Abtrag aus dem Baum tritt, verliert die Zeit ihr Gesicht, versinkt jegliche Hast in der Gelassenheit. Die Vollendung dann ist ein Abschied begleitet von einem L\u00e4cheln des Dankes. Denn das Eigenleben der Skulptur beginnt mit eigener Ausstrahlung und ist Bereicherung f\u00fcr Raum und Menschen. \u00a0 <\/p>\n\n\n\n<p>So sei es: Das <strong><em>Formfinden<\/em><\/strong> <\/p>\n\n\n\n<p>F\u00fcr mich ist die Kunst eine Begegnung mit der Seele, die Empfindungen auszudr\u00fccken und zu wecken versteht, denen Worte nicht gerecht werden. Die ersp\u00fcrbare W\u00e4rme und Lebendigkeit des Materials \u00f6ffnet die Sinne, spricht die Phantasie an und l\u00e4dt ein zum Innehalten: Ich m\u00f6chte, dass der Betrachter sich die Zeit nehmen mag, in dem Vergn\u00fcgen zu versinken, nur zu empfinden und zu betrachten \u2013 und ihm dieser Moment ausgeperrter Alltagshektik ein L\u00e4cheln bringt.<\/p>\n","protected":false},"excerpt":{"rendered":"<p>So kam es: Das Formgeben Als mittf\u00fcnfziger Jahrgang in Hamburg geboren, setzte ich Anfang der 70er Jahre die kindliche Handhabung mit dem Schnitzmesser als Boots- und Holzschiffbauer um. Nat\u00fcrlich schwimmt Holz \u2013 aber wie w\u00e4re es, wenn es elegant und schnell das Meer durchpfl\u00fcgen kann? Bis 1984 brachte ich meine F\u00e4higkeiten in Hamburg sowohl am [&hellip;]<\/p>\n","protected":false},"author":1,"featured_media":0,"parent":27,"menu_order":0,"comment_status":"closed","ping_status":"closed","template":"template-full.php","meta":{"ngg_post_thumbnail":0,"footnotes":""},"class_list":["post-127","page","type-page","status-publish","hentry"],"_links":{"self":[{"href":"http:\/\/www.thomas-konwiarz.de\/v1\/wp-json\/wp\/v2\/pages\/127","targetHints":{"allow":["GET"]}}],"collection":[{"href":"http:\/\/www.thomas-konwiarz.de\/v1\/wp-json\/wp\/v2\/pages"}],"about":[{"href":"http:\/\/www.thomas-konwiarz.de\/v1\/wp-json\/wp\/v2\/types\/page"}],"author":[{"embeddable":true,"href":"http:\/\/www.thomas-konwiarz.de\/v1\/wp-json\/wp\/v2\/users\/1"}],"replies":[{"embeddable":true,"href":"http:\/\/www.thomas-konwiarz.de\/v1\/wp-json\/wp\/v2\/comments?post=127"}],"version-history":[{"count":4,"href":"http:\/\/www.thomas-konwiarz.de\/v1\/wp-json\/wp\/v2\/pages\/127\/revisions"}],"predecessor-version":[{"id":384,"href":"http:\/\/www.thomas-konwiarz.de\/v1\/wp-json\/wp\/v2\/pages\/127\/revisions\/384"}],"up":[{"embeddable":true,"href":"http:\/\/www.thomas-konwiarz.de\/v1\/wp-json\/wp\/v2\/pages\/27"}],"wp:attachment":[{"href":"http:\/\/www.thomas-konwiarz.de\/v1\/wp-json\/wp\/v2\/media?parent=127"}],"curies":[{"name":"wp","href":"https:\/\/api.w.org\/{rel}","templated":true}]}}