{"id":25,"date":"2012-05-11T13:43:25","date_gmt":"2012-05-11T11:43:25","guid":{"rendered":"http:\/\/www.thomas-konwiarz.de\/v1\/?page_id=25"},"modified":"2025-03-06T22:54:01","modified_gmt":"2025-03-06T21:54:01","slug":"workshops","status":"publish","type":"page","link":"http:\/\/www.thomas-konwiarz.de\/v1\/workshops\/","title":{"rendered":"Workshops"},"content":{"rendered":"\n<figure class=\"wp-block-image alignright\"><a href=\"http:\/\/www.thomas-konwiarz.de\/v1\/wp-content\/uploads\/2012\/05\/banner_1200.jpg\"><img loading=\"lazy\" decoding=\"async\" width=\"119\" height=\"1200\" src=\"http:\/\/www.thomas-konwiarz.de\/v1\/wp-content\/uploads\/2012\/05\/banner_1200.jpg\" alt=\"\" class=\"wp-image-103\" title=\"banner_1200\"\/><\/a><\/figure>\n\n\n\n<p>Meine Workshops finden in l\u00e4ndlicher Umgebung und famili\u00e4rer Atmosph\u00e4re in meinem Atelier, oder bei sch\u00f6nem Wetter drau\u00dfen statt.&nbsp;Vorkenntnisse sind nicht erforderlich. Sie k\u00f6nnen sich bei mir ein St\u00fcck Holz aussuchen oder bringen sich Ihr Material mit.<\/p>\n\n\n\n<p>Nachdem ich Ihnen die Besonderheiten der verschiedenen Werkstoffe und den Umgang mit dem Werkzeug erkl\u00e4rt habe, helfe ich Ihnen den Anfang zu finden und ein Gef\u00fchl f\u00fcr die Dreidimensionalit\u00e4t zu bekommen. Dabei geht es in erster Linie darum die in Ihnen ruhende Kreativit\u00e4t zu wecken.<\/p>\n\n\n\n<p>Ich vermittle Ihnen den direkten Eingriff ins Material &#8211; zun\u00e4chst ohne formverbindliche Zielvorstellung &#8211; und unterst\u00fctze Sie dann unter k\u00fcnstlerischen und handwerklichen Aspekten, Ihre Ideen umzusetzen.<\/p>\n\n\n\n<p>Wir arbeiten in einem kleinen Kreis.<\/p>\n\n\n\n<p>&nbsp;<\/p>\n\n\n\n<p><strong>Wochenend Workshops:<\/strong><\/p>\n\n\n\n<p>Freitag&nbsp;&nbsp; von&nbsp; 10.00 &#8211; 18.00 Uhr<\/p>\n\n\n\n<p>Samstag&nbsp; von 10.00 &#8211; 18.00 Uhr<\/p>\n\n\n\n<p>Sonntag&nbsp; von 10.00 &#8211; 15.00 Uhr<\/p>\n\n\n\n<p>\u00a0\u00a0<\/p>\n\n\n\n<p>F\u00fcr Verpflegung bitte ich Sie selbst zu sorgen.<\/p>\n\n\n\n<p>Denken Sie auch bitte an zweckm\u00e4\u00dfige Kleidung.<\/p>\n\n\n\n<p>\u00a0\u00a0\u00a0<\/p>\n\n\n\n<h2 class=\"wp-block-heading\">Anmeldung\u00a0<\/h2>\n\n\n\n<p>Die Anmeldung f\u00fcr den Workshop erfolgt nur mit dem vollst\u00e4ndig ausgef\u00fcllten Anmeldeformular.Dieses sende ich Ihnen gerne zu. Die Kursbelegung erfolgt nach Eingang der \u00dcberweisung. Erst dann hat Ihre Reservierung G\u00fcltigkeit! Danach senden wir Ihnen eine Buchungsbest\u00e4tigung. Bei R\u00fccktritt bis zu einem&nbsp;<em id=\"__mceDel\"><em id=\"__mceDel\"><em id=\"__mceDel\"><em id=\"__mceDel\">Monat vor Kursbeginn wird die Kursgeb\u00fchr abz\u00fcglich einer Bearbeitungsgeb\u00fchr von 30,-\u20ac&nbsp;&nbsp;<\/em><\/em><\/em><\/em><em id=\"__mceDel\"><em id=\"__mceDel\"><em id=\"__mceDel\"><em id=\"__mceDel\"><em id=\"__mceDel\">zur\u00fcckerstattet. Zu einem sp\u00e4teren Zeitpunkt wird die Kursgeb\u00fchr (abz\u00fcglich der&nbsp;<\/em><\/em><\/em><\/em><\/em><em id=\"__mceDel\"><em id=\"__mceDel\"><em id=\"__mceDel\"><em id=\"__mceDel\"><em id=\"__mceDel\"><em id=\"__mceDel\">Bearbeitungsgeb\u00fchr) nur dann zur\u00fcckerstattet, wenn der reservierte Platz neu belegt werden kann.<\/em><\/em><\/em><\/em><\/em><\/em><\/p>\n\n\n\n<p><em id=\"__mceDel\"><em id=\"__mceDel\"><em id=\"__mceDel\"><em id=\"__mceDel\"><em id=\"__mceDel\"><em id=\"__mceDel\"> Bei Absage eines Kurses durch uns wird die Kursgeb\u00fchr selbstverst\u00e4ndlich in voller H\u00f6he<br>zur\u00fcckerstattet. Dar\u00fcber hinausgehende Anspr\u00fcche an uns k\u00f6nnen nicht geltend gemacht werden.<\/em><\/em><\/em><\/em><\/em><\/em><\/p>\n\n\n\n<p><\/p>\n\n\n\n<h2 class=\"wp-block-heading\">Kosten<\/h2>\n\n\n\n<p>Die Kosten f\u00fcr einen <strong>Wochenendworkshop<\/strong> betragen 250,- Euro<\/p>\n\n\n\n<p>Ein <strong>Tages Workshop<\/strong> kostet 95,-\u20ac<\/p>\n\n\n\n<p>inkl. Holz aus meinem Fundus sowie Verbrauchsmaterial.<\/p>\n\n\n\n<p>Edelh\u00f6lzer (z.B. Mooreiche) werden nach Gewicht berechnet.<\/p>\n\n\n\n<p>&nbsp;<\/p>\n\n\n\n<p>Zahlen Sie bitte die Kursgeb\u00fchr auf das Konto:<\/p>\n\n\n\n<p>Thomas Konwiarz<br>GLS Bank<\/p>\n\n\n\n<p>DE93 4306 0967 3200 8971 00<\/p>\n\n\n\n<p>BIC:&nbsp; GENODEM1GLS<\/p>\n\n\n\n<p><\/p>\n\n\n\n<h2 class=\"wp-block-heading\"><strong>\u00dcbernachtung<\/strong><\/h2>\n\n\n\n<p>Bei der Suche nach einem Quartier f\u00fcr die Nacht bin ich gerne behilflich. Stellpl\u00e4tze f\u00fcr Wohnmobile oder Zelte sind vorhanden.<\/p>\n\n\n\n<h2 class=\"wp-block-heading\">Haftung<\/h2>\n\n\n\n<p>Bei Unf\u00e4llen, Personen- oder Sachsch\u00e4den sowie sonstigen Schadensf\u00e4llen haftet der Kursteilnehmer selbst.<\/p>\n\n\n\n<p>&nbsp;<\/p>\n\n\n\n<p>&nbsp;<\/p>\n\n\n\n<h2 class=\"wp-block-heading\">Arbeiten von Workshopteilnehmern<\/h2>\n\n\nngg_shortcode_0_placeholder\n","protected":false},"excerpt":{"rendered":"<p>Meine Workshops finden in l\u00e4ndlicher Umgebung und famili\u00e4rer Atmosph\u00e4re in meinem Atelier, oder bei sch\u00f6nem Wetter drau\u00dfen statt.&nbsp;Vorkenntnisse sind nicht erforderlich. Sie k\u00f6nnen sich bei mir ein St\u00fcck Holz aussuchen oder bringen sich Ihr Material mit. Nachdem ich Ihnen die Besonderheiten der verschiedenen Werkstoffe und den Umgang mit dem Werkzeug erkl\u00e4rt habe, helfe ich Ihnen [&hellip;]<\/p>\n","protected":false},"author":1,"featured_media":0,"parent":0,"menu_order":0,"comment_status":"closed","ping_status":"closed","template":"template-full.php","meta":{"ngg_post_thumbnail":0,"footnotes":""},"class_list":["post-25","page","type-page","status-publish","hentry"],"_links":{"self":[{"href":"http:\/\/www.thomas-konwiarz.de\/v1\/wp-json\/wp\/v2\/pages\/25","targetHints":{"allow":["GET"]}}],"collection":[{"href":"http:\/\/www.thomas-konwiarz.de\/v1\/wp-json\/wp\/v2\/pages"}],"about":[{"href":"http:\/\/www.thomas-konwiarz.de\/v1\/wp-json\/wp\/v2\/types\/page"}],"author":[{"embeddable":true,"href":"http:\/\/www.thomas-konwiarz.de\/v1\/wp-json\/wp\/v2\/users\/1"}],"replies":[{"embeddable":true,"href":"http:\/\/www.thomas-konwiarz.de\/v1\/wp-json\/wp\/v2\/comments?post=25"}],"version-history":[{"count":42,"href":"http:\/\/www.thomas-konwiarz.de\/v1\/wp-json\/wp\/v2\/pages\/25\/revisions"}],"predecessor-version":[{"id":394,"href":"http:\/\/www.thomas-konwiarz.de\/v1\/wp-json\/wp\/v2\/pages\/25\/revisions\/394"}],"wp:attachment":[{"href":"http:\/\/www.thomas-konwiarz.de\/v1\/wp-json\/wp\/v2\/media?parent=25"}],"curies":[{"name":"wp","href":"https:\/\/api.w.org\/{rel}","templated":true}]}}