{"id":27,"date":"2012-05-11T13:43:51","date_gmt":"2012-05-11T11:43:51","guid":{"rendered":"http:\/\/www.thomas-konwiarz.de\/v1\/?page_id=27"},"modified":"2025-03-06T22:53:06","modified_gmt":"2025-03-06T21:53:06","slug":"uber-mich","status":"publish","type":"page","link":"http:\/\/www.thomas-konwiarz.de\/v1\/uber-mich\/","title":{"rendered":"\u00dcber mich"},"content":{"rendered":"\n<div class=\"wp-block-group is-vertical is-layout-flex wp-container-core-group-is-layout-2 wp-block-group-is-layout-flex\">\n<h2 class=\"wp-block-heading\">Kurzvita<\/h2>\n\n\n\n<div class=\"wp-block-columns is-layout-flex wp-container-core-columns-is-layout-1 wp-block-columns-is-layout-flex\">\n<div class=\"wp-block-column is-layout-flow wp-block-column-is-layout-flow\" style=\"flex-basis:100%\">\n<div class=\"wp-block-group has-global-padding is-layout-constrained wp-block-group-is-layout-constrained\">\n<figure class=\"wp-block-table is-style-stripes\" style=\"padding-top:var(--wp--preset--spacing--20);padding-right:0;padding-bottom:var(--wp--preset--spacing--20);padding-left:0\"><table class=\"has-fixed-layout\" style=\"border-style:dotted;border-width:1px\"><tbody><tr><td>1955<\/td><td>in Hamburg geboren und aufgewachsen. Dort t\u00e4tig als Bootsbauer und B\u00fchnentechniker am Deutschen Schauspielhaus.<\/td><\/tr><tr><td>1984<\/td><td>Umzug ins Teufelsmoor bei Bremen. Selbstst\u00e4ndig im Holzbau sowie Herstellung und Vertrieb von Holzobjekten.<\/td><\/tr><tr><td>1995<\/td><td>erste Skulpturen entstehen. Austellungen und Symposien regional und \u00fcberregional.<\/td><\/tr><tr><td>2004<\/td><td>regelm\u00e4\u00dfige Bildhauer Workshops werden angeboten.<\/td><\/tr><\/tbody><\/table><\/figure>\n<\/div>\n<\/div>\n<\/div>\n<\/div>\n\n\n\n<p>\n[<a title=\"\u00fcber mich \u2013 ausf\u00fchrlich\" href=\"http:\/\/www.thomas-konwiarz.de\/v1\/uber-mich-ausfuhrlich\/\">mehr<\/a>]<\/p>\n","protected":false},"excerpt":{"rendered":"<p>Kurzvita 1955 in Hamburg geboren und aufgewachsen. Dort t\u00e4tig als Bootsbauer und B\u00fchnentechniker am Deutschen Schauspielhaus. 1984 Umzug ins Teufelsmoor bei Bremen. Selbstst\u00e4ndig im Holzbau sowie Herstellung und Vertrieb von Holzobjekten. 1995 erste Skulpturen entstehen. Austellungen und Symposien regional und \u00fcberregional. 2004 regelm\u00e4\u00dfige Bildhauer Workshops werden angeboten. [mehr]<\/p>\n","protected":false},"author":1,"featured_media":0,"parent":0,"menu_order":0,"comment_status":"closed","ping_status":"closed","template":"template-full.php","meta":{"ngg_post_thumbnail":0,"footnotes":""},"class_list":["post-27","page","type-page","status-publish","hentry"],"_links":{"self":[{"href":"http:\/\/www.thomas-konwiarz.de\/v1\/wp-json\/wp\/v2\/pages\/27","targetHints":{"allow":["GET"]}}],"collection":[{"href":"http:\/\/www.thomas-konwiarz.de\/v1\/wp-json\/wp\/v2\/pages"}],"about":[{"href":"http:\/\/www.thomas-konwiarz.de\/v1\/wp-json\/wp\/v2\/types\/page"}],"author":[{"embeddable":true,"href":"http:\/\/www.thomas-konwiarz.de\/v1\/wp-json\/wp\/v2\/users\/1"}],"replies":[{"embeddable":true,"href":"http:\/\/www.thomas-konwiarz.de\/v1\/wp-json\/wp\/v2\/comments?post=27"}],"version-history":[{"count":9,"href":"http:\/\/www.thomas-konwiarz.de\/v1\/wp-json\/wp\/v2\/pages\/27\/revisions"}],"predecessor-version":[{"id":393,"href":"http:\/\/www.thomas-konwiarz.de\/v1\/wp-json\/wp\/v2\/pages\/27\/revisions\/393"}],"wp:attachment":[{"href":"http:\/\/www.thomas-konwiarz.de\/v1\/wp-json\/wp\/v2\/media?parent=27"}],"curies":[{"name":"wp","href":"https:\/\/api.w.org\/{rel}","templated":true}]}}